{"id":9,"date":"2018-01-22T09:40:54","date_gmt":"2018-01-22T09:40:54","guid":{"rendered":"http:\/\/skipper.net.pl\/?page_id=9"},"modified":"2021-07-31T10:58:27","modified_gmt":"2021-07-31T10:58:27","slug":"dojazd","status":"publish","type":"page","link":"http:\/\/skipper.net.pl\/?page_id=9","title":{"rendered":"Dojazd"},"content":{"rendered":"<p><strong>[wpgmza id=&#8221;1&#8243;]<\/strong><\/p>\n<p><strong>Od Warszawy tras\u0105 katowick\u0105<\/strong><\/p>\n<p>Alej\u0105 Krakowsk\u0105 do Janek, nast\u0119pnie na rozwidleniu w prawo w tras\u0119 katowick\u0105 (kierunek Wroc\u0142aw) a\u017c do Nadarzyna, oko\u0142o 1km za zjazdem do Nadarzyna skr\u0119camy w prawo i (po 20 m w lewo) na Urszulin, jedziemy przez Star\u0105 Wie\u015b, Urszulin do Ksi\u0105\u017cenic, na rondzie w Ksi\u0105\u017cenicach w prawo w kierunku Grodziska Mazowieckiego, w miescowo\u015bci Opypy skr\u0119camy w lewo (przy niebieskiej kapliczce) i jedziemy oko\u0142o 1 km (pocz\u0105tkowo asfalt nast\u0119pnie droga bita) do kolejnego asfaltu w kt\u00f3ry skr\u0119camy w prawo (w miejscowo\u015bci Radonie, r\u00f3wnie\u017c przy kapliczce) i po przejechaniu oko\u0142o 1 km w miejscowo\u015bci Szcz\u0119sne skr\u0119camy w prawo w ul.Fio\u0142kow\u0105 i po oko\u0142o 50 m r\u00f3wnie\u017c w prawo w ulic\u0119 Piwoniow\u0105.<\/p>\n<p>Druga opcja to dojecha\u0107 tras\u0105 Katowick\u0105 (S7) do Siestrzeni, zjecha\u0107 w prawo na Grodzisk Mazowiecki, po 3 km w Ksi\u0105\u017cenicach za stacj\u0105 Orlen skr\u0119ci\u0107 w lewo, przejecha\u0107 przez Osiedle Ksi\u0105\u017cenice II, drog\u0105 z p\u0142yt betonowych a nast\u0119pnie asfaltow\u0105 do ko\u0144ca, w miejscowo\u015bci Radonie w prawo i po oko\u0142o 1500 m skr\u0119ci\u0107 w prawo przy znaku Opypy 0,1 km.<\/p>\n<p><strong>Od strony Grodziska Mazowieckiego ulic\u0105 Rado\u0144sk\u0105<\/strong><\/p>\n<p>Jad\u0105c g\u0142\u00f3wn\u0105 szos\u0105 (ul.Sienkiewicza)od strony Warszawy skr\u0119camy na trzecich \u015bwiat\u0142ach w lewo i po 10m przed cmentarzem (starym) jeszcze raz w lewo w ul. Rado\u0144sk\u0105, kt\u00f3r\u0105 jedziemy 3km mijaj\u0105c po drodze stacj\u0119 WKD, miejscowo\u015b\u0107 Odrano Wola, nowy cmentarz za kt\u00f3rym po przejechaniu 1km na granicy miejscowo\u015bci Szcz\u0119sne i Radonie skr\u0119camy w lewo w ul.Fio\u0142kow\u0105 i po oko\u0142o 50 m w ul.Piwoniow\u0105.<\/p>\n<p><strong><br \/>Od strony Grodziska Mazowieckiego ulic\u0105 Nadarzy\u0144sk\u0105<\/strong><\/p>\n<p>Jad\u0105c od strony Warszawy mo\u017cemy r\u00f3wnie\u017c skr\u0119ci\u0107 w ulic\u0119 Nadarzy\u0144sk\u0105(w lewo) przy stacji Shell. Po przejechaniu tor\u00f3w WKD skr\u0119camy w prawo w ulic\u0119 Warszawsk\u0105 (kt\u00f3ra zmienia dalej nazw\u0119 na Emilii Plater) i jedziemy ni\u0105 a\u017c do ulicy Rado\u0144skiej w kt\u00f3r\u0105 skr\u0119camy w lewo i po oko\u0142o 2 km po mini\u0119ciu miejscowo\u015bci Odrano Wola i Szcz\u0119sne w lewo w ul.Fio\u0142kow\u0105 i po 50 m w prawo w ul.Piwoniow\u0105.<\/p>\n<p>[Best_Wordpress_Gallery id=&#8221;4&#8243; gal_title=&#8221;Dojazd&#8221;]<\/p>\n<figure><img decoding=\"async\" src=\"http:\/\/skipper.net.pl\/wp-content\/uploads\/2018\/02\/IMG_3453-e1518717444254.jpg\" alt=\"IMG_3453\" \/><\/figure>\n<figure><img decoding=\"async\" src=\"http:\/\/skipper.net.pl\/wp-content\/uploads\/2018\/02\/IMG_3454-e1518717430138.jpg\" alt=\"IMG_3454\" \/><\/figure>\n<figure><img decoding=\"async\" src=\"http:\/\/skipper.net.pl\/wp-content\/uploads\/2018\/02\/IMG_3446-e1518717572681.jpg\" alt=\"IMG_3446\" \/><\/figure>\n<figure><img decoding=\"async\" src=\"http:\/\/skipper.net.pl\/wp-content\/uploads\/2018\/02\/IMG_3447-e1518717560802.jpg\" alt=\"IMG_3447\" \/><\/figure>\n<figure><img decoding=\"async\" src=\"http:\/\/skipper.net.pl\/wp-content\/uploads\/2018\/02\/IMG_3448-e1518717546203.jpg\" alt=\"IMG_3448\" \/><\/figure>\n<p>\t\t\t\t\t\tPoprzednie<br \/>\n\t\t\t\t\t\tNast\u0119pne<\/p>\n","protected":false},"excerpt":{"rendered":"<p>[wpgmza id=&#8221;1&#8243;] Od Warszawy tras\u0105 katowick\u0105 Alej\u0105 Krakowsk\u0105 do Janek, nast\u0119pnie na rozwidleniu w prawo w tras\u0119 katowick\u0105 (kierunek Wroc\u0142aw) a\u017c do Nadarzyna, oko\u0142o 1km za zjazdem do Nadarzyna skr\u0119camy w prawo i (po 20 m w lewo) na Urszulin, jedziemy przez Star\u0105 Wie\u015b, Urszulin do Ksi\u0105\u017cenic, na rondzie w Ksi\u0105\u017cenicach w prawo w kierunku [&hellip;]<\/p>\n","protected":false},"author":1,"featured_media":0,"parent":0,"menu_order":0,"comment_status":"closed","ping_status":"open","template":"","meta":{"footnotes":""},"class_list":["post-9","page","type-page","status-publish","hentry"],"_links":{"self":[{"href":"http:\/\/skipper.net.pl\/index.php?rest_route=\/wp\/v2\/pages\/9","targetHints":{"allow":["GET"]}}],"collection":[{"href":"http:\/\/skipper.net.pl\/index.php?rest_route=\/wp\/v2\/pages"}],"about":[{"href":"http:\/\/skipper.net.pl\/index.php?rest_route=\/wp\/v2\/types\/page"}],"author":[{"embeddable":true,"href":"http:\/\/skipper.net.pl\/index.php?rest_route=\/wp\/v2\/users\/1"}],"replies":[{"embeddable":true,"href":"http:\/\/skipper.net.pl\/index.php?rest_route=%2Fwp%2Fv2%2Fcomments&post=9"}],"version-history":[{"count":12,"href":"http:\/\/skipper.net.pl\/index.php?rest_route=\/wp\/v2\/pages\/9\/revisions"}],"predecessor-version":[{"id":252,"href":"http:\/\/skipper.net.pl\/index.php?rest_route=\/wp\/v2\/pages\/9\/revisions\/252"}],"wp:attachment":[{"href":"http:\/\/skipper.net.pl\/index.php?rest_route=%2Fwp%2Fv2%2Fmedia&parent=9"}],"curies":[{"name":"wp","href":"https:\/\/api.w.org\/{rel}","templated":true}]}}