{"id":7,"date":"2018-01-22T09:40:08","date_gmt":"2018-01-22T09:40:08","guid":{"rendered":"http:\/\/skipper.net.pl\/?page_id=7"},"modified":"2021-08-23T06:53:25","modified_gmt":"2021-08-23T06:53:25","slug":"gabinet","status":"publish","type":"page","link":"http:\/\/skipper.net.pl\/?page_id=7","title":{"rendered":"Gabinet"},"content":{"rendered":"<p><strong>Prywatn\u0105 Praktyk\u0119 Lekarsk\u0105<\/strong>\u00a0prowadz\u0119 od 1994 roku.<br \/>\nPocz\u0105tkowo w zakresie chirurgii og\u00f3lnej, a od 2000 roku r\u00f3wnie\u017c w urologii.<br \/>\n[Best_Wordpress_Gallery id=&#8221;1&#8243; gal_title=&#8221;Gabinet&#8221;]\t\t<\/p>\n<figure><img decoding=\"async\" src=\"http:\/\/skipper.net.pl\/wp-content\/uploads\/2018\/02\/IMG_3456-e1518717402177-1024x768.jpg\" alt=\"IMG_3456\" \/><\/figure>\n<figure><img decoding=\"async\" src=\"http:\/\/skipper.net.pl\/wp-content\/uploads\/2018\/02\/IMG_3457-e1518717387373-768x1024.jpg\" alt=\"IMG_3457\" \/><\/figure>\n<figure><img decoding=\"async\" src=\"http:\/\/skipper.net.pl\/wp-content\/uploads\/2018\/02\/IMG_3458-e1518717371927-1024x768.jpg\" alt=\"IMG_3458\" \/><\/figure>\n<figure><img decoding=\"async\" src=\"http:\/\/skipper.net.pl\/wp-content\/uploads\/2018\/02\/IMG_3459-e1518717357903-768x1024.jpg\" alt=\"IMG_3459\" \/><\/figure>\n<figure><img decoding=\"async\" src=\"http:\/\/skipper.net.pl\/wp-content\/uploads\/2018\/02\/IMG_3461-e1518717340640-1024x768.jpg\" alt=\"IMG_3461\" \/><\/figure>\n<figure><img decoding=\"async\" src=\"http:\/\/skipper.net.pl\/wp-content\/uploads\/2018\/02\/IMG_3463-e1518717307851-1024x768.jpg\" alt=\"IMG_3463\" \/><\/figure>\n<p>\t\t\t\t\t\tPoprzednie<br \/>\n\t\t\t\t\t\tNast\u0119pne<\/p>\n","protected":false},"excerpt":{"rendered":"<p>Prywatn\u0105 Praktyk\u0119 Lekarsk\u0105\u00a0prowadz\u0119 od 1994 roku. Pocz\u0105tkowo w zakresie chirurgii og\u00f3lnej, a od 2000 roku r\u00f3wnie\u017c w urologii. [Best_Wordpress_Gallery id=&#8221;1&#8243; gal_title=&#8221;Gabinet&#8221;] Poprzednie Nast\u0119pne<\/p>\n","protected":false},"author":1,"featured_media":0,"parent":0,"menu_order":0,"comment_status":"closed","ping_status":"open","template":"","meta":{"footnotes":""},"class_list":["post-7","page","type-page","status-publish","hentry"],"_links":{"self":[{"href":"http:\/\/skipper.net.pl\/index.php?rest_route=\/wp\/v2\/pages\/7","targetHints":{"allow":["GET"]}}],"collection":[{"href":"http:\/\/skipper.net.pl\/index.php?rest_route=\/wp\/v2\/pages"}],"about":[{"href":"http:\/\/skipper.net.pl\/index.php?rest_route=\/wp\/v2\/types\/page"}],"author":[{"embeddable":true,"href":"http:\/\/skipper.net.pl\/index.php?rest_route=\/wp\/v2\/users\/1"}],"replies":[{"embeddable":true,"href":"http:\/\/skipper.net.pl\/index.php?rest_route=%2Fwp%2Fv2%2Fcomments&post=7"}],"version-history":[{"count":29,"href":"http:\/\/skipper.net.pl\/index.php?rest_route=\/wp\/v2\/pages\/7\/revisions"}],"predecessor-version":[{"id":416,"href":"http:\/\/skipper.net.pl\/index.php?rest_route=\/wp\/v2\/pages\/7\/revisions\/416"}],"wp:attachment":[{"href":"http:\/\/skipper.net.pl\/index.php?rest_route=%2Fwp%2Fv2%2Fmedia&parent=7"}],"curies":[{"name":"wp","href":"https:\/\/api.w.org\/{rel}","templated":true}]}}