{"id":299,"date":"2021-07-31T11:57:37","date_gmt":"2021-07-31T11:57:37","guid":{"rendered":"http:\/\/skipper.net.pl\/?page_id=299"},"modified":"2021-08-22T11:01:06","modified_gmt":"2021-08-22T11:01:06","slug":"moje-ksiazki","status":"publish","type":"page","link":"http:\/\/skipper.net.pl\/?page_id=299","title":{"rendered":"Moje ksi\u0105\u017cki"},"content":{"rendered":"<p><img decoding=\"async\" width=\"1166\" height=\"1555\" src=\"http:\/\/skipper.net.pl\/wp-content\/uploads\/2021\/08\/P1277957.jpg\" alt=\"\" loading=\"lazy\" srcset=\"http:\/\/skipper.net.pl\/wp-content\/uploads\/2021\/08\/P1277957.jpg 1166w, http:\/\/skipper.net.pl\/wp-content\/uploads\/2021\/08\/P1277957-225x300.jpg 225w, http:\/\/skipper.net.pl\/wp-content\/uploads\/2021\/08\/P1277957-768x1024.jpg 768w, http:\/\/skipper.net.pl\/wp-content\/uploads\/2021\/08\/P1277957-1152x1536.jpg 1152w\" sizes=\"auto, (max-width: 1166px) 100vw, 1166px\" \/>\t\t\t\t\t\t\t\t\t\t\t\t\t\t\t<\/p>\n<h4>Piotr Jan Marczy\u0144ski<\/h4>\n<p>\u00a0<\/p>\n<p>Dr n. med., chirurg, urolog, kieruje jednym z oddzia\u0142\u00f3w urologii w Warszawie. Absolwent I Wydzia\u0142u Lekarskiego Akademii Medycznej w Warszawie (obecnie Warszawski Uniwersytet Medyczny). \u017beglarz, globtroter, paralotniarz, p\u0142etwonurek. narciarz. Kapitan jachtowy i instruktor \u017ceglarstwa, przez wiele lat zwi\u0105zany Centralnym O\u015brodkiem \u017beglarskim w Trzebie\u017cy.<\/p>\n<p><a href=\"https:\/\/lubimyczytac.pl\/autor\/172100\/piotr-jan-marczynski\">Profil pisarza &#8211; lubimyczytac.pl<\/a><\/p>\n<p>\t\t\t\t\t\t\t\t\t\t\t\t\t\t\t<img decoding=\"async\" width=\"640\" height=\"893\" src=\"http:\/\/skipper.net.pl\/wp-content\/uploads\/2021\/07\/Obcho\u0301d-Piotr-M-734x1024.jpeg\" alt=\"\" loading=\"lazy\" srcset=\"http:\/\/skipper.net.pl\/wp-content\/uploads\/2021\/07\/Obcho\u0301d-Piotr-M-734x1024.jpeg 734w, http:\/\/skipper.net.pl\/wp-content\/uploads\/2021\/07\/Obcho\u0301d-Piotr-M-215x300.jpeg 215w, http:\/\/skipper.net.pl\/wp-content\/uploads\/2021\/07\/Obcho\u0301d-Piotr-M-768x1072.jpeg 768w, http:\/\/skipper.net.pl\/wp-content\/uploads\/2021\/07\/Obcho\u0301d-Piotr-M.jpeg 860w\" sizes=\"auto, (max-width: 640px) 100vw, 640px\" \/>\t\t\t\t\t\t\t\t\t\t\t\t\t\t\t<\/p>\n<h4>Obch\u00f3d &#8211;\u00a0 Piotr Jan Marczy\u0144ski<\/h4>\n<p>\u00a0<\/p>\n<p>Takiej ksi\u0105\u017cki jeszcze nie by\u0142o! Polska medycyna widziana oczami lekarza w czasach trzeciej i czwartej Rzeczypospolitej<\/p>\n<p>Dr n. med. Piotr Jan Marczy\u0144ski znakomitym pi\u00f3rem opisuje histori\u0119 kariery lekarza \u2013 od lat studi\u00f3w, sta\u017cu, przez prac\u0119 na prowincji i w pogotowiu ratunkowym, a\u017c po ordynatora w znanym warszawskim szpitalu. Od marze\u0144 po przeczytaniu Pacjent\u00f3w J\u00fcrgena Thorwalda po rozczarowanie polsk\u0105 s\u0142u\u017cb\u0105 zdrowia. Kipi\u0105ca humorem, pe\u0142na anegdot, ironiczna i autoironicznapowie\u015b\u0107 stylizowana na autobiografi\u0119 pokazuje zar\u00f3wno powszechnie znane, jak i starannie skrywane przed pacjentami absurdy naszej medycyny. A toczy si\u0119 w rytm piosenek m.in. Lady Pank, Perfectu czy Kuby Sienkiewicza (r\u00f3wnie\u017c dr. n med.). Ale te\u017c szant (bo i o \u017ceglowaniu jest ta opowie\u015b\u0107). To nie daleki od rzeczywisto\u015bci thriller medyczny, lecz historia tocz\u0105ca si\u0119 tu i teraz, kt\u00f3ra pozwoli lepiej zrozumie\u0107 polskiego lekarza i rozprawi\u0107 si\u0119 ze stygmatyzuj\u0105cymi stereotypami wypalenia zawodowego czy syndromu Boga&#8230;<\/p>\n<p>\t\t\t\t\t\t\t\t\t\t\t\t\t\t\t<img decoding=\"async\" width=\"551\" height=\"1024\" src=\"http:\/\/skipper.net.pl\/wp-content\/uploads\/2021\/08\/Recenzje-1-551x1024.jpg\" alt=\"\" loading=\"lazy\" srcset=\"http:\/\/skipper.net.pl\/wp-content\/uploads\/2021\/08\/Recenzje-1-551x1024.jpg 551w, http:\/\/skipper.net.pl\/wp-content\/uploads\/2021\/08\/Recenzje-1-161x300.jpg 161w, http:\/\/skipper.net.pl\/wp-content\/uploads\/2021\/08\/Recenzje-1.jpg 700w\" sizes=\"auto, (max-width: 551px) 100vw, 551px\" \/><br \/>\n\t\t\t\t\t\t\t\t\t\t\t\t\t\t\t<img decoding=\"async\" width=\"516\" height=\"800\" src=\"http:\/\/skipper.net.pl\/wp-content\/uploads\/2021\/07\/Rep-Piotr-M.jpeg\" alt=\"\" loading=\"lazy\" srcset=\"http:\/\/skipper.net.pl\/wp-content\/uploads\/2021\/07\/Rep-Piotr-M.jpeg 516w, http:\/\/skipper.net.pl\/wp-content\/uploads\/2021\/07\/Rep-Piotr-M-194x300.jpeg 194w\" sizes=\"auto, (max-width: 516px) 100vw, 516px\" \/>\t\t\t\t\t\t\t\t\t\t\t\t\t\t\t<\/p>\n<h4>REP &#8211; Piotr Jan Marczy\u0144ski<\/h4>\n<p>\u00a0<\/p>\n<p>Piotr Marczyn\u0301ski \u2013 niczym pod mikroskopem \u2013 obserwuje niewidoczne go\u0142ym okiem zjawiska we wsp\u00f3\u0142czesnej s\u0142uz\u0307bie zdrowia. Tym razem ostre jak skalpel pi\u00f3ro autora Obchodu dosie\u0328ga rep\u00f3w, czyli przedstawicieli firm farmaceutycznych, zajmuja\u0328cych sie\u0328 prezentacja\u0328 ich produkt\u00f3w i sk\u0142anianiem lekarzy, z\u0307eby przepisywali je pacjentom. Wyrachowanych i cynicznych, wytrenowanych w manipulacji i&#8230; asertywnos\u0301ci. C\u0301wiczenie czyni mistrza. A wyc\u0301wiczony rep potrafi kusic\u0301&#8230; dobrym laptopem, zagranicznym sympozjum, ekskluzywnym wyjazdem. Lecz sam tez\u0307 jest kuszony: wysokimi zarobkami, s\u0142uz\u0307bowym samochodem, szkoleniami w atrakcyjnych miejscach. Tu rza\u0328dzi pienia\u0328dz. I interes. Nie, nie pacjenta. FIRMY. I lekarzy \u201episza\u0328cych leki\u201d.<\/p>\n<p>Jak potoczy sie\u0328 historia atrakcyjnej Domi, kt\u00f3ra chce byc\u0301 weterynarzem? Weterynarzem, nie repem. Jaka s\u0301ciez\u0307ka doprowadzi Gos\u0301ke\u0328, rehabilitantke\u0328, do FIRMY? Jak odnajdzie sie\u0328 w niej troche\u0328 naiwny Piotr? Czy FIRMA to wymarzone miejsce dla pozbawionego skrupu\u0142\u00f3w Marcina? O korupcji ws\u0301r\u00f3d lekarzy i bananowym z\u0307yciu przedstawicieli firm farmaceutycznych kra\u0328z\u0307a\u0328 legendy. Ile w nich prawdy?<\/p>\n<p>\u00a0<br \/>\n\t\t\t\t\t\t\t\t\t\t\t\t\t\t\t<img decoding=\"async\" width=\"570\" height=\"1024\" src=\"http:\/\/skipper.net.pl\/wp-content\/uploads\/2021\/08\/Recenzje-2-570x1024.jpg\" alt=\"\" loading=\"lazy\" srcset=\"http:\/\/skipper.net.pl\/wp-content\/uploads\/2021\/08\/Recenzje-2-570x1024.jpg 570w, http:\/\/skipper.net.pl\/wp-content\/uploads\/2021\/08\/Recenzje-2-167x300.jpg 167w, http:\/\/skipper.net.pl\/wp-content\/uploads\/2021\/08\/Recenzje-2.jpg 700w\" sizes=\"auto, (max-width: 570px) 100vw, 570px\" \/><br \/>\n\t\t\t\t\t\t\t\t\t\t\t\t\t\t\t<img decoding=\"async\" width=\"627\" height=\"954\" src=\"http:\/\/skipper.net.pl\/wp-content\/uploads\/2021\/07\/Guz-Piotr-M.jpeg\" alt=\"\" loading=\"lazy\" srcset=\"http:\/\/skipper.net.pl\/wp-content\/uploads\/2021\/07\/Guz-Piotr-M.jpeg 627w, http:\/\/skipper.net.pl\/wp-content\/uploads\/2021\/07\/Guz-Piotr-M-197x300.jpeg 197w\" sizes=\"auto, (max-width: 627px) 100vw, 627px\" \/>\t\t\t\t\t\t\t\t\t\t\t\t\t\t\t<\/p>\n<h4>GUZ &#8211; Piotr Jan Marczy\u0144ski<\/h4>\n<p>\u00a0<\/p>\n<p>Piotr Marczy\u0144ski to ceniony lekarz, ma ju\u017c na swoim koncie dwie interesuj\u0105ce \u201einsiderskie\u201d powie\u015bci o polskiej s\u0142u\u017cbie zdrowia, o satysfakcjach i rozczarowaniach, jakie prze\u017cywaj\u0105 lekarze, a tak\u017ce o odpowiedzialno\u015bci, kt\u00f3ra na nich ci\u0105\u017cy. Teraz przeszed\u0142 na drug\u0105 stron\u0119 bariery i opowiedzia\u0142 histori\u0119 cz\u0142owieka, kt\u00f3ry zderza si\u0119 ze s\u0142u\u017cb\u0105 zdrowia jako pacjent, ocenia j\u0105 z zewn\u0105trz, jak ka\u017cdy, kto potrzebuje pomocy medycznej. I spotyka si\u0119 z zapracowanymi profesjonalistami, dla kt\u00f3rych jest przypadkiem, jednym z setek, i nie rozumie tego, bo jego przypadek jest dla niego jedyny, najwa\u017cniejszy, a cz\u0119sto przera\u017caj\u0105cy. Bohater powie\u015bci, kiedy s\u0142yszy fachow\u0105, na ch\u0142odno stawian\u0105 przez profesora diagnoz\u0119, my\u015bli: \u201eChcia\u0142bym, \u017ceby mnie uspokoi\u0142, poklepa\u0142 po plecach, powiedzia\u0142: Jacek, spoko, zdrowy jeste\u015b i nie histeryzuj\u201d. No w\u0142a\u015bnie \u2013 z jednej strony ci, kt\u00f3rzy wiedz\u0105, z drugiej wystraszony cz\u0142owiek, kt\u00f3ry zapad\u0142 na gro\u017an\u0105 chorob\u0119 i robi wszystko, by ratowa\u0107 zdrowie i \u017cycie, poddaje si\u0119 opiece medycznej, ale te\u017c nie do ko\u0144ca wierzy medycynie: miota si\u0119 przera\u017cony, nas\u0142uchuje porad znajomych, biegnie do bioterapeuty, zaczyna inaczej my\u015ble\u0107 o swoim \u017cyciu, zaw\u0119\u017ca\u0107 jego horyzont\u2026 Podrywa si\u0119 nap\u0119dzany nadziej\u0105 i popada w depresj\u0119. To powie\u015b\u0107 o tym, co mo\u017ce spotka\u0107 ka\u017cdego.<\/p>\n<p>\u00a0<br \/>\n\t\t\t\t\t\t\t\t\t\t\t\t\t\t\t<img decoding=\"async\" width=\"480\" height=\"1024\" src=\"http:\/\/skipper.net.pl\/wp-content\/uploads\/2021\/08\/Recenzje-3-copy-c-480x1024.jpg\" alt=\"\" loading=\"lazy\" srcset=\"http:\/\/skipper.net.pl\/wp-content\/uploads\/2021\/08\/Recenzje-3-copy-c-480x1024.jpg 480w, http:\/\/skipper.net.pl\/wp-content\/uploads\/2021\/08\/Recenzje-3-copy-c-141x300.jpg 141w, http:\/\/skipper.net.pl\/wp-content\/uploads\/2021\/08\/Recenzje-3-copy-c.jpg 700w\" sizes=\"auto, (max-width: 480px) 100vw, 480px\" \/><\/p>\n","protected":false},"excerpt":{"rendered":"<p>Piotr Jan Marczy\u0144ski \u00a0 Dr n. med., chirurg, urolog, kieruje jednym z oddzia\u0142\u00f3w urologii w Warszawie. Absolwent I Wydzia\u0142u Lekarskiego Akademii Medycznej w Warszawie (obecnie Warszawski Uniwersytet Medyczny). \u017beglarz, globtroter, paralotniarz, p\u0142etwonurek. narciarz. Kapitan jachtowy i instruktor \u017ceglarstwa, przez wiele lat zwi\u0105zany Centralnym O\u015brodkiem \u017beglarskim w Trzebie\u017cy. Profil pisarza &#8211; lubimyczytac.pl Obch\u00f3d &#8211;\u00a0 Piotr Jan [&hellip;]<\/p>\n","protected":false},"author":2,"featured_media":0,"parent":0,"menu_order":0,"comment_status":"closed","ping_status":"closed","template":"","meta":{"footnotes":""},"class_list":["post-299","page","type-page","status-publish","hentry"],"_links":{"self":[{"href":"http:\/\/skipper.net.pl\/index.php?rest_route=\/wp\/v2\/pages\/299","targetHints":{"allow":["GET"]}}],"collection":[{"href":"http:\/\/skipper.net.pl\/index.php?rest_route=\/wp\/v2\/pages"}],"about":[{"href":"http:\/\/skipper.net.pl\/index.php?rest_route=\/wp\/v2\/types\/page"}],"author":[{"embeddable":true,"href":"http:\/\/skipper.net.pl\/index.php?rest_route=\/wp\/v2\/users\/2"}],"replies":[{"embeddable":true,"href":"http:\/\/skipper.net.pl\/index.php?rest_route=%2Fwp%2Fv2%2Fcomments&post=299"}],"version-history":[{"count":66,"href":"http:\/\/skipper.net.pl\/index.php?rest_route=\/wp\/v2\/pages\/299\/revisions"}],"predecessor-version":[{"id":386,"href":"http:\/\/skipper.net.pl\/index.php?rest_route=\/wp\/v2\/pages\/299\/revisions\/386"}],"wp:attachment":[{"href":"http:\/\/skipper.net.pl\/index.php?rest_route=%2Fwp%2Fv2%2Fmedia&parent=299"}],"curies":[{"name":"wp","href":"https:\/\/api.w.org\/{rel}","templated":true}]}}